{"id":2,"date":"2024-11-10T19:10:55","date_gmt":"2024-11-10T19:10:55","guid":{"rendered":"http:\/\/canvas-music.bplaced.net\/F3B\/?page_id=2"},"modified":"2025-01-19T15:05:06","modified_gmt":"2025-01-19T15:05:06","slug":"sample-page","status":"publish","type":"page","link":"https:\/\/f3b-wc-2025.de\/?page_id=2","title":{"rendered":"Impressum"},"content":{"rendered":"\n<p>This is a mandatory disclaimer for a website hosted by a german entity.<\/p>\n\n\n\n<p>Modellflugsportverband Deutschland e.V.<br>Im Kleifeld 9<br>31275 Ahlten<\/p>\n\n\n\n<p>Telefon: 05132 5988-115<br>E-Mail: info@mfsd.de<\/p>\n\n\n\n<p>Eingetragen beim Amtsgericht Hildesheim VR 201738<\/p>\n\n\n\n<p>UmsatzsteuerID: DE354169738<\/p>\n\n\n\n<p>Vertretungsberechtigter Vorstand nach \u00a726 BGB:&nbsp; Ralf B\u00e4umener (Pr\u00e4sident), Sebastian Brandes (Vizepr\u00e4sident), Ingo Friedel (Schatzmeister), Achim Kr\u00fcger (Sportdirektor)<\/p>\n\n\n\n<p><\/p>\n","protected":false},"excerpt":{"rendered":"<p>This is a mandatory disclaimer for a website hosted by a german entity. Modellflugsportverband Deutschland e.V.Im Kleifeld 931275 Ahlten Telefon: 05132 5988-115E-Mail: info@mfsd.de Eingetragen beim Amtsgericht Hildesheim VR 201738 UmsatzsteuerID: DE354169738 Vertretungsberechtigter Vorstand nach \u00a726 BGB:&nbsp; Ralf B\u00e4umener (Pr\u00e4sident), Sebastian Brandes (Vizepr\u00e4sident), Ingo Friedel (Schatzmeister), Achim Kr\u00fcger (Sportdirektor)<\/p>\n","protected":false},"author":1,"featured_media":0,"parent":0,"menu_order":0,"comment_status":"closed","ping_status":"open","template":"","meta":{"_et_pb_use_builder":"","_et_pb_old_content":"","_et_gb_content_width":"","footnotes":""},"class_list":["post-2","page","type-page","status-publish","hentry"],"_links":{"self":[{"href":"https:\/\/f3b-wc-2025.de\/index.php?rest_route=\/wp\/v2\/pages\/2","targetHints":{"allow":["GET"]}}],"collection":[{"href":"https:\/\/f3b-wc-2025.de\/index.php?rest_route=\/wp\/v2\/pages"}],"about":[{"href":"https:\/\/f3b-wc-2025.de\/index.php?rest_route=\/wp\/v2\/types\/page"}],"author":[{"embeddable":true,"href":"https:\/\/f3b-wc-2025.de\/index.php?rest_route=\/wp\/v2\/users\/1"}],"replies":[{"embeddable":true,"href":"https:\/\/f3b-wc-2025.de\/index.php?rest_route=%2Fwp%2Fv2%2Fcomments&post=2"}],"version-history":[{"count":5,"href":"https:\/\/f3b-wc-2025.de\/index.php?rest_route=\/wp\/v2\/pages\/2\/revisions"}],"predecessor-version":[{"id":24,"href":"https:\/\/f3b-wc-2025.de\/index.php?rest_route=\/wp\/v2\/pages\/2\/revisions\/24"}],"wp:attachment":[{"href":"https:\/\/f3b-wc-2025.de\/index.php?rest_route=%2Fwp%2Fv2%2Fmedia&parent=2"}],"curies":[{"name":"wp","href":"https:\/\/api.w.org\/{rel}","templated":true}]}}